{"id":5,"date":"2025-09-16T11:50:09","date_gmt":"2025-09-16T09:50:09","guid":{"rendered":"https:\/\/nagelstudio.chi-lam.de\/?page_id=5"},"modified":"2025-09-16T11:52:12","modified_gmt":"2025-09-16T09:52:12","slug":"preisliste","status":"publish","type":"page","link":"https:\/\/nagelstudio.chi-lam.de\/?page_id=5","title":{"rendered":"Preisliste"},"content":{"rendered":"\n<figure class=\"wp-block-table\"><table class=\"has-fixed-layout\"><tbody><tr><td>Nagelmodellage Tip Natur<\/td><td>44,00 \u20ac<\/td><\/tr><tr><td>Nagelmodellage Schablone Natur<\/td><td>44,00 \u20ac<\/td><\/tr><tr><td>Naturnagelverst\u00e4rkung Natur<\/td><td>34,00 \u20ac<\/td><\/tr><tr><td>Auff\u00fcllen Natur<\/td><td>40,00 \u20ac<\/td><\/tr><tr><td>French\/Farbe zzgl<\/td><td>4,00 \u20ac<\/td><\/tr><tr><td>Extras: Nailart, Stamping, Strasssteine ab<\/td><td>0,50 \u20ac<\/td><\/tr><tr><td>Modellage entfernen inkl. Manik\u00fcre<\/td><td>32,00 \u20ac<\/td><\/tr><tr><td>Abl\u00f6sen\/auff\u00fcllen Fremd-Systeme (z. B. Acryl)<br>zzgl. <\/td><td>10,00 \u20ac<\/td><\/tr><tr><td>Wellnessmanik\u00fcre (Massage, Peeling oder \u00d6D)<\/td><td>22,00 \u20ac<br>37,00 \u20ac<\/td><\/tr><tr><td>Lackieren Lack zzgl.<\/td><td>5,00 \u20ac<\/td><\/tr><tr><td>Manik\u00fcre inkl. Shellac<\/td><td>33,00 \u20ac<\/td><\/tr><tr><td>Abl\u00f6sen Shellac inkl. Manik\u00fcre<\/td><td>26,00 \u20ac<\/td><\/tr><tr><td>Fu\u00dfmodellage + Fu\u00dfbad inkl. Pedik\u00fcre<\/td><td>44,00 \u20ac<\/td><\/tr><tr><td>Auff\u00fcllen + Fu\u00dfbad inkl. Pedik\u00fcre<\/td><td>44,00 \u20ac<\/td><\/tr><tr><td>Modellage entfernen inkl. Pedik\u00fcre<\/td><td>35,00 \u20ac<\/td><\/tr><tr><td>Pedik\u00fcre klassisch<\/td><td>28,00 \u20ac<\/td><\/tr><tr><td>Pedik\u00fcre alkalisch<\/td><td>32,00 \u20ac<\/td><\/tr><tr><td>Wellnesspedik\u00fcre (Massage, Peeling oder \u00d6l)<\/td><td>45,00 \u20ac<\/td><\/tr><tr><td>Lackieren Lack<br>zzgl.<\/td><td>5,00 \u20ac<\/td><\/tr><tr><td>Pedik\u00fcre inkl. Shellac<\/td><td>34,00 \u20ac<\/td><\/tr><tr><td>Abl\u00f6sen Shellac inkl. Pedik\u00fcre<\/td><td>32,00 \u20ac<\/td><\/tr><tr><td>Paraffinbad f\u00fcr die H\u00e4nde (ca. 20 min)<\/td><td>25,00 \u20ac<\/td><\/tr><tr><td>Paraffinbad f\u00fcr die F\u00fc\u00dfe (ca. 20 min)<\/td><td>30,00 \u20ac<\/td><\/tr><\/tbody><\/table><\/figure>\n\n\n\n<p><\/p>\n\n\n\n<p><\/p>\n","protected":false},"excerpt":{"rendered":"<p>Nagelmodellage Tip Natur 44,00 \u20ac Nagelmodellage Schablone Natur 44,00 \u20ac Naturnagelverst\u00e4rkung Natur 34,00 \u20ac Auff\u00fcllen Natur 40,00 \u20ac French\/Farbe zzgl 4,00 \u20ac Extras: Nailart, Stamping, Strasssteine ab 0,50 \u20ac Modellage&hellip;<\/p>\n","protected":false},"author":1,"featured_media":0,"parent":0,"menu_order":0,"comment_status":"closed","ping_status":"closed","template":"","meta":{"footnotes":""},"class_list":["post-5","page","type-page","status-publish","hentry"],"_links":{"self":[{"href":"https:\/\/nagelstudio.chi-lam.de\/index.php?rest_route=\/wp\/v2\/pages\/5","targetHints":{"allow":["GET"]}}],"collection":[{"href":"https:\/\/nagelstudio.chi-lam.de\/index.php?rest_route=\/wp\/v2\/pages"}],"about":[{"href":"https:\/\/nagelstudio.chi-lam.de\/index.php?rest_route=\/wp\/v2\/types\/page"}],"author":[{"embeddable":true,"href":"https:\/\/nagelstudio.chi-lam.de\/index.php?rest_route=\/wp\/v2\/users\/1"}],"replies":[{"embeddable":true,"href":"https:\/\/nagelstudio.chi-lam.de\/index.php?rest_route=%2Fwp%2Fv2%2Fcomments&post=5"}],"version-history":[{"count":3,"href":"https:\/\/nagelstudio.chi-lam.de\/index.php?rest_route=\/wp\/v2\/pages\/5\/revisions"}],"predecessor-version":[{"id":10,"href":"https:\/\/nagelstudio.chi-lam.de\/index.php?rest_route=\/wp\/v2\/pages\/5\/revisions\/10"}],"wp:attachment":[{"href":"https:\/\/nagelstudio.chi-lam.de\/index.php?rest_route=%2Fwp%2Fv2%2Fmedia&parent=5"}],"curies":[{"name":"wp","href":"https:\/\/api.w.org\/{rel}","templated":true}]}}